{"id":2777,"date":"2020-10-15T19:40:04","date_gmt":"2020-10-15T19:40:04","guid":{"rendered":"https:\/\/bellaflor.net\/?page_id=2777"},"modified":"2020-11-16T20:51:24","modified_gmt":"2020-11-16T20:51:24","slug":"inicio","status":"publish","type":"page","link":"https:\/\/bellaflor.net\/es\/","title":{"rendered":"Inicio"},"content":{"rendered":"\t\t<div data-elementor-type=\"wp-page\" data-elementor-id=\"2777\" class=\"elementor elementor-2777 elementor-193\">\n\t\t\t\t\t\t<section class=\"elementor-section elementor-top-section elementor-element elementor-element-d2fdee6 elementor-section-boxed elementor-section-height-default elementor-section-height-default\" data-id=\"d2fdee6\" data-element_type=\"section\">\n\t\t\t\t\t\t<div class=\"elementor-container elementor-column-gap-default\">\n\t\t\t\t\t<div class=\"elementor-column elementor-col-100 elementor-top-column elementor-element elementor-element-f14c368\" data-id=\"f14c368\" data-element_type=\"column\">\n\t\t\t<div class=\"elementor-widget-wrap elementor-element-populated\">\n\t\t\t\t\t\t<div class=\"elementor-element elementor-element-d382f13 elementor-widget elementor-widget-text-editor\" data-id=\"d382f13\" data-element_type=\"widget\" data-widget_type=\"text-editor.default\">\n\t\t\t\t<div class=\"elementor-widget-container\">\n\t\t\t\t\t\t\t<h1>Env\u00edo de flores a Rep\u00fablica Dominicana<\/h1>\n\t\t\t\t\t\t<\/div>\n\t\t\t\t<\/div>\n\t\t\t\t\t<\/div>\n\t\t<\/div>\n\t\t\t\t\t<\/div>\n\t\t<\/section>\n\t\t\t\t<section class=\"elementor-section elementor-top-section elementor-element elementor-element-8167d69 elementor-section-boxed elementor-section-height-default elementor-section-height-default\" data-id=\"8167d69\" data-element_type=\"section\">\n\t\t\t\t\t\t<div class=\"elementor-container elementor-column-gap-default\">\n\t\t\t\t\t<div class=\"elementor-column elementor-col-100 elementor-top-column elementor-element elementor-element-a1260b3\" data-id=\"a1260b3\" data-element_type=\"column\">\n\t\t\t<div class=\"elementor-widget-wrap elementor-element-populated\">\n\t\t\t\t\t\t<div class=\"elementor-element elementor-element-d23011e elementor-widget elementor-widget-text-editor\" data-id=\"d23011e\" data-element_type=\"widget\" data-widget_type=\"text-editor.default\">\n\t\t\t\t<div class=\"elementor-widget-container\">\n\t\t\t\t\t\t\t<p>Entrega de flores en Rep\u00fablica Dominicana: en BellaFlor.net, nos enorgullecemos de ser su primera opci\u00f3n al enviar flores y regalos a la Quisqueya.<\/p><p>Como ya sabr\u00e1, la entrega de flores a la Rep\u00fablica Dominicana plantea un conjunto especial de desaf\u00edos, desde la falta de florister\u00edas acreditadas en las zonas rurales, hasta la mala calidad de las flores y otros obsequios que a veces sustituyen a los productos de calidad elegidos en el sitio web. . En Bellaflor.net tenemos muchos a\u00f1os de experiencia enviando flores aqu\u00ed en la Quisqueya y hemos desarrollado un sistema probado para asegurar que su entrega de flores el mismo d\u00eda llegue a tiempo y con total satisfacci\u00f3n y deleite, sin importar si va a uno de las principales ciudades como Puerto Plata, Santo Domingo, Santiago, B\u00e1varo, Sosua o Cabarrete, o hacia una de las muchas ciudades m\u00e1s peque\u00f1as como Las Terrenas, La Romana, San Juan de la Maguana y San Francisco de Macoris. As\u00ed que elija sabiamente al seleccionar un servicio de entrega de flores en la Rep\u00fablica Dominicana.<\/p><h2 style=\"text-align: center;\">Nuestras florister\u00edas y Tiendas flores ahora ofrecen entrega en todo el pa\u00eds.<\/h2><p>No todos somos creados iguales. Algunos floristeria en la Rep\u00fablica Dominicana, por ejemplo, tomar\u00e1n su pedido y pago, y luego usar\u00e1n las flores que tengan en existencia para completar el pedido. Un par de floristeria en Santo Domingo llegan notoriamente tarde a la entrega de rosas y flores. Si est\u00e1 considerando enviar rosas a Quisqueya, aseg\u00farese de garantizar la calidad del producto. El problema es que las flores, especialmente las rosas en la Rep\u00fablica Dominicana, tienen una vida \u00fatil corta, y pocos floristerias en la Rep\u00fablica Dominicana tienen la refrigeraci\u00f3n adecuada necesaria para preservar adecuadamente las flores.<\/p><p>Entonces, en conclusi\u00f3n, si desea enviar rosas a un ser querido en la Quisqueya, o est\u00e1 buscando en Internet una florer\u00eda de buena reputaci\u00f3n en la Rep\u00fablica Dominicana, por favor d\u00e9nos una oportunidad. Enviamos algunas de las flores m\u00e1s hermosas de Rep\u00fablica Dominicana.<\/p>\t\t\t\t\t\t<\/div>\n\t\t\t\t<\/div>\n\t\t\t\t\t<\/div>\n\t\t<\/div>\n\t\t\t\t\t<\/div>\n\t\t<\/section>\n\t\t\t\t<\/div>\n\t\t","protected":false},"excerpt":{"rendered":"<p>Env\u00edo de flores a Rep\u00fablica Dominicana Entrega de flores en Rep\u00fablica Dominicana: en BellaFlor.net, nos enorgullecemos de ser su primera opci\u00f3n al enviar flores y regalos a la Quisqueya. Como ya sabr\u00e1, la entrega de flores a la Rep\u00fablica Dominicana plantea un conjunto especial de desaf\u00edos, desde la falta de florister\u00edas acreditadas en las zonas [&hellip;]<\/p>\n","protected":false},"author":1,"featured_media":0,"parent":0,"menu_order":0,"comment_status":"open","ping_status":"closed","template":"homepage.php","meta":{"_seopress_robots_primary_cat":"","_seopress_titles_title":"","_seopress_titles_desc":"","_seopress_robots_index":"","footnotes":""},"class_list":["post-2777","page","type-page","status-publish","hentry","notblog"],"jetpack_sharing_enabled":true,"_links":{"self":[{"href":"https:\/\/bellaflor.net\/es\/wp-json\/wp\/v2\/pages\/2777"}],"collection":[{"href":"https:\/\/bellaflor.net\/es\/wp-json\/wp\/v2\/pages"}],"about":[{"href":"https:\/\/bellaflor.net\/es\/wp-json\/wp\/v2\/types\/page"}],"author":[{"embeddable":true,"href":"https:\/\/bellaflor.net\/es\/wp-json\/wp\/v2\/users\/1"}],"replies":[{"embeddable":true,"href":"https:\/\/bellaflor.net\/es\/wp-json\/wp\/v2\/comments?post=2777"}],"version-history":[{"count":0,"href":"https:\/\/bellaflor.net\/es\/wp-json\/wp\/v2\/pages\/2777\/revisions"}],"wp:attachment":[{"href":"https:\/\/bellaflor.net\/es\/wp-json\/wp\/v2\/media?parent=2777"}],"curies":[{"name":"wp","href":"https:\/\/api.w.org\/{rel}","templated":true}]}}