{"id":3677,"date":"2020-11-12T18:23:31","date_gmt":"2020-11-12T18:23:31","guid":{"rendered":"https:\/\/bellaflor.net\/sobre-nosotros\/"},"modified":"2020-11-12T18:23:32","modified_gmt":"2020-11-12T18:23:32","slug":"sobre-nosotros","status":"publish","type":"page","link":"https:\/\/bellaflor.net\/es\/sobre-nosotros\/","title":{"rendered":"Sobre nosotros"},"content":{"rendered":"\t\t<div data-elementor-type=\"wp-page\" data-elementor-id=\"3677\" class=\"elementor elementor-3677 elementor-2240\">\n\t\t\t\t\t\t<section class=\"elementor-section elementor-top-section elementor-element elementor-element-dccea5e elementor-section-boxed elementor-section-height-default elementor-section-height-default\" data-id=\"dccea5e\" data-element_type=\"section\">\n\t\t\t\t\t\t<div class=\"elementor-container elementor-column-gap-default\">\n\t\t\t\t\t<div class=\"elementor-column elementor-col-100 elementor-top-column elementor-element elementor-element-91dde7f\" data-id=\"91dde7f\" data-element_type=\"column\">\n\t\t\t<div class=\"elementor-widget-wrap elementor-element-populated\">\n\t\t\t\t\t\t<div class=\"elementor-element elementor-element-1b11d70 elementor-widget elementor-widget-text-editor\" data-id=\"1b11d70\" data-element_type=\"widget\" data-widget_type=\"text-editor.default\">\n\t\t\t\t<div class=\"elementor-widget-container\">\n\t\t\t\t\t\t\t<h2>Acerca de nuestra empresa<\/h2>\n<div>\u00a0<\/div>\n<p>Bella Flor Florist and Dominican Flower Shop se enorgullece de brindar servicio de entrega de flores el mismo d\u00eda a Puerto Plata, Sosua, Cabarete, Bonao Santiago, Santo Domingo y en todo el pa\u00eds durante a\u00f1os. Somos de propiedad y gesti\u00f3n familiar y, por lo tanto, estamos comprometidos a ofrecer solo rosas, arreglos florales y regalos de la mejor calidad, respaldados por un servicio al cliente r\u00e1pido y cort\u00e9s. Porque valoramos a nuestros clientes, nuestro personal profesional est\u00e1 dedicado a hacer que su experiencia sea placentera. Es por eso que vendemos solo productos de la m\u00e1s alta calidad y respaldamos cada venta.<\/p>\n<p>&nbsp;<\/p>\n<p>Deje que las florister\u00edas y tiendas de regalos en l\u00ednea de Bella Flor sean su primera opci\u00f3n para la entrega de flores cuando env\u00ede flores a la Rep\u00fablica Dominicana.<\/p>\n\t\t\t\t\t\t<\/div>\n\t\t\t\t<\/div>\n\t\t\t\t\t<\/div>\n\t\t<\/div>\n\t\t\t\t\t<\/div>\n\t\t<\/section>\n\t\t\t\t<\/div>\n\t\t","protected":false},"excerpt":{"rendered":"<p>Acerca de nuestra empresa \u00a0 Bella Flor Florist and Dominican Flower Shop se enorgullece de brindar servicio de entrega de flores el mismo d\u00eda a Puerto Plata, Sosua, Cabarete, Bonao Santiago, Santo Domingo y en todo el pa\u00eds durante a\u00f1os. Somos de propiedad y gesti\u00f3n familiar y, por lo tanto, estamos comprometidos a ofrecer solo [&hellip;]<\/p>\n","protected":false},"author":1,"featured_media":0,"parent":0,"menu_order":0,"comment_status":"closed","ping_status":"closed","template":"","meta":{"_seopress_robots_primary_cat":"","_seopress_titles_title":"","_seopress_titles_desc":"","_seopress_robots_index":"","footnotes":""},"class_list":["post-3677","page","type-page","status-publish","hentry","notblog"],"jetpack_sharing_enabled":true,"_links":{"self":[{"href":"https:\/\/bellaflor.net\/es\/wp-json\/wp\/v2\/pages\/3677"}],"collection":[{"href":"https:\/\/bellaflor.net\/es\/wp-json\/wp\/v2\/pages"}],"about":[{"href":"https:\/\/bellaflor.net\/es\/wp-json\/wp\/v2\/types\/page"}],"author":[{"embeddable":true,"href":"https:\/\/bellaflor.net\/es\/wp-json\/wp\/v2\/users\/1"}],"replies":[{"embeddable":true,"href":"https:\/\/bellaflor.net\/es\/wp-json\/wp\/v2\/comments?post=3677"}],"version-history":[{"count":0,"href":"https:\/\/bellaflor.net\/es\/wp-json\/wp\/v2\/pages\/3677\/revisions"}],"wp:attachment":[{"href":"https:\/\/bellaflor.net\/es\/wp-json\/wp\/v2\/media?parent=3677"}],"curies":[{"name":"wp","href":"https:\/\/api.w.org\/{rel}","templated":true}]}}