{"id":3684,"date":"2020-11-12T18:36:15","date_gmt":"2020-11-12T18:36:15","guid":{"rendered":"https:\/\/bellaflor.net\/contactanos\/"},"modified":"2020-11-12T18:36:21","modified_gmt":"2020-11-12T18:36:21","slug":"contactanos","status":"publish","type":"page","link":"https:\/\/bellaflor.net\/es\/contactanos\/","title":{"rendered":"Contactanos"},"content":{"rendered":"\t\t<div data-elementor-type=\"wp-page\" data-elementor-id=\"3684\" class=\"elementor elementor-3684 elementor-2241\">\n\t\t\t\t\t\t<section class=\"elementor-section elementor-top-section elementor-element elementor-element-5238428b elementor-section-boxed elementor-section-height-default elementor-section-height-default\" data-id=\"5238428b\" data-element_type=\"section\">\n\t\t\t\t\t\t<div class=\"elementor-container elementor-column-gap-default\">\n\t\t\t\t\t<div class=\"elementor-column elementor-col-100 elementor-top-column elementor-element elementor-element-2bbfa1c1\" data-id=\"2bbfa1c1\" data-element_type=\"column\">\n\t\t\t<div class=\"elementor-widget-wrap elementor-element-populated\">\n\t\t\t\t\t\t<div class=\"elementor-element elementor-element-3fd70964 elementor-widget elementor-widget-text-editor\" data-id=\"3fd70964\" data-element_type=\"widget\" data-widget_type=\"text-editor.default\">\n\t\t\t\t<div class=\"elementor-widget-container\">\n\t\t\t\t\t\t\t<div class=\"col-sm-6 col-xs-12 address-box\">\n<h1 class=\"block-heading\">P\u00f3ngase en contacto<\/h1>\n<p class=\"u-push-bottom@2\">Somos muy accesibles y nos encantar\u00eda hablar contigo. No dude en llamarnos, enviarnos un correo electr\u00f3nico, enviarnos un Tweet o simplemente completar el formulario de consulta.<\/p>\n<div class=\"info\">\n<div class=\"icon-box\">\u00a0<\/div>\n<div class=\"description\">\n<h2 class=\"info-title\">Encu\u00e9ntranos en la oficina<\/h2>\n<p>261 Main St<br \/>East Windsor <br \/>CT 06088<\/p>\n<\/div>\n<\/div>\n<div class=\"info\">\n<div class=\"icon-box\">\u00a0<\/div>\n<div class=\"description\">\n<h4 class=\"info-title\">Llamanos<\/h4>\n<p>Kevin Bastarache<br \/>+1 (860) 341-2979<br \/>8:00 AM &#8211; 8:00 PM 7 Days<\/p>\n<\/div>\n<\/div>\n<div class=\"info\">\n<div class=\"icon-box\">\u00a0<\/div>\n<div class=\"description\">\n<h2 class=\"info-title\">Correo Electr\u00f3nico de Soporte<\/h2>\n<p><a href=\"mailto:support@bellaflor.net\" target=\"_blank\" rel=\"noopener noreferrer\">support@bellaflor.net <\/a><\/p>\n<\/div>\n<\/div>\n<\/div>\n<div class=\"col-sm-6 col-xs-12 contact-box\">\n<h3 class=\"block-heading\">Mandanos un mensaje<\/h3>\n\n<div class=\"wpcf7 no-js\" id=\"wpcf7-f2323-o1\" lang=\"en-US\" dir=\"ltr\">\n<div class=\"screen-reader-response\"><p role=\"status\" aria-live=\"polite\" aria-atomic=\"true\"><\/p> <ul><\/ul><\/div>\n<form action=\"\/es\/wp-json\/wp\/v2\/pages\/3684#wpcf7-f2323-o1\" method=\"post\" class=\"wpcf7-form init\" aria-label=\"Contact form\" novalidate=\"novalidate\" data-status=\"init\">\n<div style=\"display: none;\">\n<input type=\"hidden\" name=\"_wpcf7\" value=\"2323\" \/>\n<input type=\"hidden\" name=\"_wpcf7_version\" value=\"5.9.8\" \/>\n<input type=\"hidden\" name=\"_wpcf7_locale\" value=\"en_US\" \/>\n<input type=\"hidden\" name=\"_wpcf7_unit_tag\" value=\"wpcf7-f2323-o1\" \/>\n<input type=\"hidden\" name=\"_wpcf7_container_post\" value=\"0\" \/>\n<input type=\"hidden\" name=\"_wpcf7_posted_data_hash\" value=\"\" \/>\n<\/div>\n<p><label> Your Name (required)<br \/>\n<span class=\"wpcf7-form-control-wrap\" data-name=\"your-name\"><input size=\"40\" maxlength=\"400\" class=\"wpcf7-form-control wpcf7-text wpcf7-validates-as-required\" aria-required=\"true\" aria-invalid=\"false\" value=\"\" type=\"text\" name=\"your-name\" \/><\/span> <\/label>\n<\/p>\n<p><label> Your Email (required)<br \/>\n<span class=\"wpcf7-form-control-wrap\" data-name=\"your-email\"><input size=\"40\" maxlength=\"400\" class=\"wpcf7-form-control wpcf7-email wpcf7-validates-as-required wpcf7-text wpcf7-validates-as-email\" aria-required=\"true\" aria-invalid=\"false\" value=\"\" type=\"email\" name=\"your-email\" \/><\/span> <\/label>\n<\/p>\n<p><label> Your Tel (required)<br \/>\n<span class=\"wpcf7-form-control-wrap\" data-name=\"tel-798\"><input size=\"40\" maxlength=\"400\" class=\"wpcf7-form-control wpcf7-tel wpcf7-validates-as-required wpcf7-text wpcf7-validates-as-tel\" aria-required=\"true\" aria-invalid=\"false\" value=\"\" type=\"tel\" name=\"tel-798\" \/><\/span> <\/label>\n<\/p>\n<p><label> Subject<br \/>\n<span class=\"wpcf7-form-control-wrap\" data-name=\"your-subject\"><input size=\"40\" maxlength=\"400\" class=\"wpcf7-form-control wpcf7-text\" aria-invalid=\"false\" value=\"\" type=\"text\" name=\"your-subject\" \/><\/span> <\/label>\n<\/p>\n<p><label> Your Message<br \/>\n<span class=\"wpcf7-form-control-wrap\" data-name=\"your-message\"><textarea cols=\"40\" rows=\"10\" maxlength=\"2000\" class=\"wpcf7-form-control wpcf7-textarea\" aria-invalid=\"false\" name=\"your-message\"><\/textarea><\/span> <\/label>\n<\/p>\n<p><input class=\"wpcf7-form-control wpcf7-submit has-spinner\" type=\"submit\" value=\"Send\" \/>\n<\/p><p style=\"display: none !important;\" class=\"akismet-fields-container\" data-prefix=\"_wpcf7_ak_\"><label>&#916;<textarea name=\"_wpcf7_ak_hp_textarea\" cols=\"45\" rows=\"8\" maxlength=\"100\"><\/textarea><\/label><input type=\"hidden\" id=\"ak_js_1\" name=\"_wpcf7_ak_js\" value=\"1\"\/><script>document.getElementById( \"ak_js_1\" ).setAttribute( \"value\", ( new Date() ).getTime() );<\/script><\/p><div class=\"wpcf7-response-output\" aria-hidden=\"true\"><\/div>\n<\/form>\n<\/div>\n\n<\/div>\n\t\t\t\t\t\t<\/div>\n\t\t\t\t<\/div>\n\t\t\t\t\t<\/div>\n\t\t<\/div>\n\t\t\t\t\t<\/div>\n\t\t<\/section>\n\t\t\t\t<\/div>\n\t\t","protected":false},"excerpt":{"rendered":"<p>P\u00f3ngase en contacto Somos muy accesibles y nos encantar\u00eda hablar contigo. No dude en llamarnos, enviarnos un correo electr\u00f3nico, enviarnos un Tweet o simplemente completar el formulario de consulta. \u00a0 Encu\u00e9ntranos en la oficina 261 Main StEast Windsor CT 06088 \u00a0 Llamanos Kevin Bastarache+1 (860) 341-29798:00 AM &#8211; 8:00 PM 7 Days \u00a0 Correo Electr\u00f3nico [&hellip;]<\/p>\n","protected":false},"author":1,"featured_media":0,"parent":0,"menu_order":0,"comment_status":"closed","ping_status":"closed","template":"","meta":{"_seopress_robots_primary_cat":"","_seopress_titles_title":"","_seopress_titles_desc":"","_seopress_robots_index":"","footnotes":""},"class_list":["post-3684","page","type-page","status-publish","hentry","notblog"],"jetpack_sharing_enabled":true,"_links":{"self":[{"href":"https:\/\/bellaflor.net\/es\/wp-json\/wp\/v2\/pages\/3684"}],"collection":[{"href":"https:\/\/bellaflor.net\/es\/wp-json\/wp\/v2\/pages"}],"about":[{"href":"https:\/\/bellaflor.net\/es\/wp-json\/wp\/v2\/types\/page"}],"author":[{"embeddable":true,"href":"https:\/\/bellaflor.net\/es\/wp-json\/wp\/v2\/users\/1"}],"replies":[{"embeddable":true,"href":"https:\/\/bellaflor.net\/es\/wp-json\/wp\/v2\/comments?post=3684"}],"version-history":[{"count":0,"href":"https:\/\/bellaflor.net\/es\/wp-json\/wp\/v2\/pages\/3684\/revisions"}],"wp:attachment":[{"href":"https:\/\/bellaflor.net\/es\/wp-json\/wp\/v2\/media?parent=3684"}],"curies":[{"name":"wp","href":"https:\/\/api.w.org\/{rel}","templated":true}]}}