{"id":3692,"date":"2020-11-12T18:59:05","date_gmt":"2020-11-12T18:59:05","guid":{"rendered":"https:\/\/bellaflor.net\/rebaja\/"},"modified":"2020-11-12T18:59:32","modified_gmt":"2020-11-12T18:59:32","slug":"rebaja","status":"publish","type":"page","link":"https:\/\/bellaflor.net\/es\/oferta\/","title":{"rendered":"Oferta"},"content":{"rendered":"<div class=\"woocommerce columns-4 \">    <ul class=\"products-grid products \">\n    \n\n<li class=\"item col-lg-4 col-md-4 col-sm-4 col-xs-6 notblog product type-product post-3726 status-publish first instock product_cat-amor-y-romance product_cat-cada-dia product_cat-combos-es product_cat-cumpleanos product_cat-favorita product_cat-flores-de-san-valentin product_cat-flores-y-combos product_cat-ocasion product_cat-proximas-ocasiones product_cat-rosas product_tag-flores has-post-thumbnail shipping-taxable purchasable product-type-simple\">\n  <div class=\"item-inner\">\n                    <div class=\"item-img\">\n                      <div class=\"item-img-info\">\n                        <div class=\"pimg\">\n                    \n            <a href=\"https:\/\/bellaflor.net\/es\/producto\/hermosas-dos-docenas-de-rosas-rosadas-y-rojas\/\" class=\"product-image\">\n              \n                  <img fetchpriority=\"high\" decoding=\"async\" width=\"300\" height=\"300\" src=\"https:\/\/bellaflor.net\/wp-content\/uploads\/2013\/06\/product_big_0411-300x300.jpg\" class=\"attachment-woocommerce_thumbnail size-woocommerce_thumbnail\" alt=\"product big 0411\" srcset=\"https:\/\/bellaflor.net\/wp-content\/uploads\/2013\/06\/product_big_0411-300x300.jpg 300w, https:\/\/bellaflor.net\/wp-content\/uploads\/2013\/06\/product_big_0411-150x150.jpg 150w, https:\/\/bellaflor.net\/wp-content\/uploads\/2013\/06\/product_big_0411-100x100.jpg 100w\" sizes=\"(max-width: 300px) 100vw, 300px\" \/>             \n            <\/a>\n            \n          <\/div>\n                    <div class=\"box-hover\">\n                          <ul class=\"add-to-links\">\n\n                                              \n\n                   <li><a href=\"\/es\/wp-json\/wp\/v2\/pages\/3692?add_to_wishlist=3726\"\n           data-product-id=\"3726\"\n           data-product-type=\"simple\" class=\"add_to_wishlist link-wishlist\"           title=\"Agregar a Lista de Deseos\">Agregar a Lista de Deseos<\/a><\/li>\n                  \n           \n              <\/ul>\n                        <\/div>\n                      <\/div>\n                    <\/div>\n                    <div class=\"item-info\">\n                      <div class=\"info-inner\">\n                        <div class=\"item-title\">\n                               <a href=\"https:\/\/bellaflor.net\/es\/producto\/hermosas-dos-docenas-de-rosas-rosadas-y-rojas\/\">\n               Hermosas Dos Docenas de Rosas Rosadas y Rojas<\/a><\/div>\n\n                <div class=\"item-content\">\n                          <div class=\"rating\">\n                            <div class=\"ratings\">\n                              <div class=\"rating-box\">\n                                                       <div style=\"width:0%\" class=\"rating\"><\/div>\n\n                        <\/div>\n                        <\/div>\n                          <\/div>\n                          <div class=\"item-price\">\n                            <div class=\"price-box\">\n                                <span class=\"woocs_price_code woocs_preloader_ajax\" data-currency=\"USD\" data-redraw-id=\"69d2a56fb3d06\"  data-product-id=\"3726\"><span class=\"woocommerce-Price-amount amount\"><bdi><span class=\"woocommerce-Price-currencySymbol\">&#36;<\/span>129.99<\/bdi><\/span><\/span>\n                         <\/div>\n                          <\/div>\n                          <div class=\"desc std\">\n                         <p>Nuestro jarr\u00f3n de 2 docenas de rosas rosadas viene en rojo, rosa medio y rosa tierno. Nuestras rosas son perfectas para aniversarios, mostrando la mezcla de pasi\u00f3n y calidez en las relaciones a largo plazo. Las rosas vienen en un jarr\u00f3n transparente con vegetaci\u00f3n para deleitar a todos los corazones, pero especialmente a alguien que aprecia el lenguaje de las flores.<\/p>\n                              <\/div>\n                          <div class=\"action\">\n                             \n           <\/div>\n                        <\/div>\n                      <\/div>\n                    <\/div>\n                  <\/div>\n                <\/li>\n\n\n\n\n                <\/ul>\n<\/div>\n","protected":false},"excerpt":{"rendered":"","protected":false},"author":1,"featured_media":0,"parent":0,"menu_order":0,"comment_status":"closed","ping_status":"closed","template":"","meta":{"_seopress_robots_primary_cat":"","_seopress_titles_title":"","_seopress_titles_desc":"","_seopress_robots_index":"","footnotes":""},"class_list":["post-3692","page","type-page","status-publish","hentry","notblog"],"jetpack_sharing_enabled":true,"_links":{"self":[{"href":"https:\/\/bellaflor.net\/es\/wp-json\/wp\/v2\/pages\/3692"}],"collection":[{"href":"https:\/\/bellaflor.net\/es\/wp-json\/wp\/v2\/pages"}],"about":[{"href":"https:\/\/bellaflor.net\/es\/wp-json\/wp\/v2\/types\/page"}],"author":[{"embeddable":true,"href":"https:\/\/bellaflor.net\/es\/wp-json\/wp\/v2\/users\/1"}],"replies":[{"embeddable":true,"href":"https:\/\/bellaflor.net\/es\/wp-json\/wp\/v2\/comments?post=3692"}],"version-history":[{"count":0,"href":"https:\/\/bellaflor.net\/es\/wp-json\/wp\/v2\/pages\/3692\/revisions"}],"wp:attachment":[{"href":"https:\/\/bellaflor.net\/es\/wp-json\/wp\/v2\/media?parent=3692"}],"curies":[{"name":"wp","href":"https:\/\/api.w.org\/{rel}","templated":true}]}}