{"id":3546,"date":"2020-11-01T16:41:00","date_gmt":"2020-11-01T16:41:00","guid":{"rendered":"https:\/\/bellaflor.net\/product\/hermosa-ramo-de-rosas-rojas\/"},"modified":"2021-04-01T00:01:55","modified_gmt":"2021-04-01T00:01:55","slug":"hermoso-ramo-de-rosas-rojas","status":"publish","type":"product","link":"https:\/\/bellaflor.net\/es\/product\/hermosa-ramo-de-rosas-rojas\/","title":{"rendered":"Hermoso Ramo de Rosas Rojas"},"content":{"rendered":"<p>Impresionala con este impresionante ramo de 12 hermosas rosas de tallo largo. Una elecci\u00f3n cl\u00e1sica pero elegante que nunca decepciona. Dice \u00abte amo\u00bb m\u00e1s de una docena de rosas rojas. Dile a tu amada que piensas en ella todo el d\u00eda con estas flores tiernas y dulces, enmarcadas con follaje verde fresco. Nuestra docena de rosas rojas se combinan a la perfecci\u00f3n en un elegante jarr\u00f3n de vidrio y son el regalo rom\u00e1ntico perfecto.<\/p>\n","protected":false},"excerpt":{"rendered":"<p>Impresionala con este impresionante ramo de 12 hermosas rosas de tallo largo. Una elecci\u00f3n cl\u00e1sica pero elegante que nunca decepciona. Dice \u00abte amo\u00bb m\u00e1s de una docena de rosas rojas. Dile a tu amada que piensas en ella todo el d\u00eda con estas flores tiernas y dulces, enmarcadas con follaje verde fresco. Nuestra docena de rosas rojas se combinan a la perfecci\u00f3n en un elegante jarr\u00f3n de vidrio y son el regalo rom\u00e1ntico perfecto.<\/p>\n","protected":false},"featured_media":3842,"comment_status":"open","ping_status":"closed","template":"","meta":{"_seopress_robots_primary_cat":"none","_seopress_titles_title":"Hermoso Ramo de Rosas Rojas","_seopress_titles_desc":"","_seopress_robots_index":""},"product_cat":[134,140,137],"product_tag":[195],"class_list":{"0":"post-3546","1":"product","2":"type-product","3":"status-publish","4":"has-post-thumbnail","6":"product_cat-amor-y-romance","7":"product_cat-rosas-es","8":"product_cat-rosas-rojas","9":"product_tag-flores","10":"notblog","12":"first","13":"instock","14":"shipping-taxable","15":"purchasable","16":"product-type-simple"},"jetpack_sharing_enabled":true,"_links":{"self":[{"href":"https:\/\/bellaflor.net\/es\/wp-json\/wp\/v2\/product\/3546"}],"collection":[{"href":"https:\/\/bellaflor.net\/es\/wp-json\/wp\/v2\/product"}],"about":[{"href":"https:\/\/bellaflor.net\/es\/wp-json\/wp\/v2\/types\/product"}],"replies":[{"embeddable":true,"href":"https:\/\/bellaflor.net\/es\/wp-json\/wp\/v2\/comments?post=3546"}],"version-history":[{"count":0,"href":"https:\/\/bellaflor.net\/es\/wp-json\/wp\/v2\/product\/3546\/revisions"}],"wp:featuredmedia":[{"embeddable":true,"href":"https:\/\/bellaflor.net\/es\/wp-json\/wp\/v2\/media\/3842"}],"wp:attachment":[{"href":"https:\/\/bellaflor.net\/es\/wp-json\/wp\/v2\/media?parent=3546"}],"wp:term":[{"taxonomy":"product_cat","embeddable":true,"href":"https:\/\/bellaflor.net\/es\/wp-json\/wp\/v2\/product_cat?post=3546"},{"taxonomy":"product_tag","embeddable":true,"href":"https:\/\/bellaflor.net\/es\/wp-json\/wp\/v2\/product_tag?post=3546"}],"curies":[{"name":"wp","href":"https:\/\/api.w.org\/{rel}","templated":true}]}}