{"id":3713,"date":"2020-12-07T11:36:34","date_gmt":"2015-06-07T11:36:34","guid":{"rendered":"https:\/\/bellaflor.net\/product\/florero-de-cristal-de-rosas-rosadas\/"},"modified":"2023-03-01T00:10:31","modified_gmt":"2023-03-01T00:10:31","slug":"hermosas-dieciocho-rosas-rojas","status":"publish","type":"product","link":"https:\/\/bellaflor.net\/es\/product\/hermosas-dieciocho-rosas-rojas\/","title":{"rendered":"Hermosas Dieciocho Rosas Rojas"},"content":{"rendered":"<p>Dieciocho rosas rojas y verdes de gasa son el coraz\u00f3n de este hermoso arreglo floral. \u00a1Compuestos en un jarr\u00f3n, causar\u00e1n un gran revuelo cuando se los env\u00edes a la mujer de tus sue\u00f1os! Una perfecta declaraci\u00f3n de amor, nuestra docena y media de rosas rojas seguramente capturar\u00e1n el coraz\u00f3n de tu amor.<\/p>\n","protected":false},"excerpt":{"rendered":"<p>Dieciocho rosas rojas y verdes de gasa son el coraz\u00f3n de este hermoso arreglo floral. \u00a1Compuestos en un jarr\u00f3n, causar\u00e1n un gran revuelo cuando se los env\u00edes a la mujer de tus sue\u00f1os! Una perfecta declaraci\u00f3n de amor, nuestra docena y media de rosas rojas seguramente capturar\u00e1n el coraz\u00f3n de tu amor.<\/p>\n","protected":false},"featured_media":3857,"comment_status":"open","ping_status":"closed","template":"","meta":{"_seopress_robots_primary_cat":"none","_seopress_titles_title":"Hermosas Dieciocho Rosas Rojas","_seopress_titles_desc":"                                                                        ","_seopress_robots_index":""},"product_cat":[187,170,145,128,142,183,138,131,132],"product_tag":[195],"class_list":{"0":"post-3713","1":"product","2":"type-product","3":"status-publish","4":"has-post-thumbnail","6":"product_cat-boda","7":"product_cat-cada-dia","8":"product_cat-caja-de-flores-cesta","9":"product_cat-cumpleanos","10":"product_cat-dia-de-san-valentin","11":"product_cat-flores-de-san-valentin","12":"product_cat-ramo-de-rosas","13":"product_cat-te-amo","14":"product_cat-te-extrano","15":"product_tag-flores","16":"notblog","18":"first","19":"instock","20":"featured","21":"virtual","22":"purchasable","23":"product-type-simple"},"jetpack_sharing_enabled":true,"_links":{"self":[{"href":"https:\/\/bellaflor.net\/es\/wp-json\/wp\/v2\/product\/3713"}],"collection":[{"href":"https:\/\/bellaflor.net\/es\/wp-json\/wp\/v2\/product"}],"about":[{"href":"https:\/\/bellaflor.net\/es\/wp-json\/wp\/v2\/types\/product"}],"replies":[{"embeddable":true,"href":"https:\/\/bellaflor.net\/es\/wp-json\/wp\/v2\/comments?post=3713"}],"version-history":[{"count":1,"href":"https:\/\/bellaflor.net\/es\/wp-json\/wp\/v2\/product\/3713\/revisions"}],"predecessor-version":[{"id":4355,"href":"https:\/\/bellaflor.net\/es\/wp-json\/wp\/v2\/product\/3713\/revisions\/4355"}],"wp:featuredmedia":[{"embeddable":true,"href":"https:\/\/bellaflor.net\/es\/wp-json\/wp\/v2\/media\/3857"}],"wp:attachment":[{"href":"https:\/\/bellaflor.net\/es\/wp-json\/wp\/v2\/media?parent=3713"}],"wp:term":[{"taxonomy":"product_cat","embeddable":true,"href":"https:\/\/bellaflor.net\/es\/wp-json\/wp\/v2\/product_cat?post=3713"},{"taxonomy":"product_tag","embeddable":true,"href":"https:\/\/bellaflor.net\/es\/wp-json\/wp\/v2\/product_tag?post=3713"}],"curies":[{"name":"wp","href":"https:\/\/api.w.org\/{rel}","templated":true}]}}