{"id":3714,"date":"2020-01-29T10:20:46","date_gmt":"2015-01-29T10:20:46","guid":{"rendered":"https:\/\/bellaflor.net\/product\/monton-de-gerberas-surtidas-en-un-jarron-de-vidrio\/"},"modified":"2021-03-29T18:53:35","modified_gmt":"2021-03-29T18:53:35","slug":"hermosas-rosas-rosadas","status":"publish","type":"product","link":"https:\/\/bellaflor.net\/es\/product\/monton-de-gerberas-surtidas-en-un-jarron-de-vidrio\/","title":{"rendered":"Hermosas Rosas Rosadas"},"content":{"rendered":"<p>Las rosas rosadas son el regalo perfecto para enviar en cualquier \u00e9poca del a\u00f1o. Nuestras Una Docena de Rosas Rosadas est\u00e1n bellamente dispuestas en un jarr\u00f3n de vidrio. Este ramo de rosas rosadas es un regalo cl\u00e1sico para cualquier ocasi\u00f3n, ya sea un cumplea\u00f1os, aniversario o felicitaciones.<\/p>\n","protected":false},"excerpt":{"rendered":"<p>Las rosas rosadas son el regalo perfecto para enviar en cualquier \u00e9poca del a\u00f1o. Nuestras Una Docena de Rosas Rosadas est\u00e1n bellamente dispuestas en un jarr\u00f3n de vidrio. Este ramo de rosas rosadas es un regalo cl\u00e1sico para cualquier ocasi\u00f3n, ya sea un cumplea\u00f1os, aniversario o felicitaciones.<\/p>\n","protected":false},"featured_media":3864,"comment_status":"open","ping_status":"closed","template":"","meta":{"_seopress_robots_primary_cat":"none","_seopress_titles_title":"Hermosas Rosas Rosadas","_seopress_titles_desc":"                                    ","_seopress_robots_index":""},"product_cat":[134,177,170,152,128,185,186,173,153,183,180,136,158,172,174,169,141,184,130,139,155,131,132],"product_tag":[195],"class_list":{"0":"post-3714","1":"product","2":"type-product","3":"status-publish","4":"has-post-thumbnail","6":"product_cat-amor-y-romance","7":"product_cat-ano-nuevo","8":"product_cat-cada-dia","9":"product_cat-combos-es","10":"product_cat-cumpleanos","11":"product_cat-dia-de-la-madre-es","12":"product_cat-dia-de-san-valentin-es-3","13":"product_cat-dias-festivos","14":"product_cat-favorita","15":"product_cat-flores-de-san-valentin","16":"product_cat-flores-para-graduacion","17":"product_cat-flores-preciosas","18":"product_cat-flores-y-combos","19":"product_cat-gracias","20":"product_cat-navidad","21":"product_cat-ocasion","22":"product_cat-pensando-en-ti","23":"product_cat-proximas-ocasiones","24":"product_cat-ramo-de-flores","25":"product_cat-rosas","26":"product_cat-rosas-multicolores","27":"product_cat-te-amo","28":"product_cat-te-extrano","29":"product_tag-flores","30":"notblog","32":"first","33":"instock","34":"shipping-taxable","35":"purchasable","36":"product-type-simple"},"jetpack_sharing_enabled":true,"_links":{"self":[{"href":"https:\/\/bellaflor.net\/es\/wp-json\/wp\/v2\/product\/3714"}],"collection":[{"href":"https:\/\/bellaflor.net\/es\/wp-json\/wp\/v2\/product"}],"about":[{"href":"https:\/\/bellaflor.net\/es\/wp-json\/wp\/v2\/types\/product"}],"replies":[{"embeddable":true,"href":"https:\/\/bellaflor.net\/es\/wp-json\/wp\/v2\/comments?post=3714"}],"version-history":[{"count":0,"href":"https:\/\/bellaflor.net\/es\/wp-json\/wp\/v2\/product\/3714\/revisions"}],"wp:featuredmedia":[{"embeddable":true,"href":"https:\/\/bellaflor.net\/es\/wp-json\/wp\/v2\/media\/3864"}],"wp:attachment":[{"href":"https:\/\/bellaflor.net\/es\/wp-json\/wp\/v2\/media?parent=3714"}],"wp:term":[{"taxonomy":"product_cat","embeddable":true,"href":"https:\/\/bellaflor.net\/es\/wp-json\/wp\/v2\/product_cat?post=3714"},{"taxonomy":"product_tag","embeddable":true,"href":"https:\/\/bellaflor.net\/es\/wp-json\/wp\/v2\/product_tag?post=3714"}],"curies":[{"name":"wp","href":"https:\/\/api.w.org\/{rel}","templated":true}]}}