{"id":3715,"date":"2020-01-29T10:16:06","date_gmt":"2015-01-29T10:16:06","guid":{"rendered":"https:\/\/bellaflor.net\/product\/cesta-asa-redonda-de-rosas-mixtas\/"},"modified":"2021-03-29T18:55:08","modified_gmt":"2021-03-29T18:55:08","slug":"hermosas-rosas-blancas-y-lirios","status":"publish","type":"product","link":"https:\/\/bellaflor.net\/es\/producto\/hermosas-rosas-blancas-y-lirios\/","title":{"rendered":"Hermosas Rosas Blancas y Lirios"},"content":{"rendered":"<p>Como expresi\u00f3n de pureza y amor, no se puede superar a nuestras rosas blancas y lirios. En contraste con la delicada vegetaci\u00f3n en un jarr\u00f3n de cristal transparente, este magn\u00edfico arreglo es perfecto para acentos nupciales y tambi\u00e9n como centro de mesa de bienvenida en cualquier mesa. Enviado para expresar tus m\u00e1s tiernos besos, este es un regalo delicioso y maravilloso.<\/p>\n","protected":false},"excerpt":{"rendered":"<p>Como expresi\u00f3n de pureza y amor, no se puede superar a nuestras rosas blancas y lirios. En contraste con la delicada vegetaci\u00f3n en un jarr\u00f3n de cristal transparente, este magn\u00edfico arreglo es perfecto para acentos nupciales y tambi\u00e9n como centro de mesa de bienvenida en cualquier mesa. Enviado para expresar tus m\u00e1s tiernos besos, este es un regalo delicioso y maravilloso.<\/p>\n","protected":false},"featured_media":3870,"comment_status":"open","ping_status":"closed","template":"","meta":{"_seopress_robots_primary_cat":"none","_seopress_titles_title":"Hermosas Rosas Blancas y Lirios","_seopress_titles_desc":"                                                                        ","_seopress_robots_index":""},"product_cat":[134,187,170,145,152,128,142,178,173,153,162,179,136,158,161,160,159,172,174,169,141,184,130,138,139,131,132],"product_tag":[195],"class_list":{"0":"post-3715","1":"product","2":"type-product","3":"status-publish","4":"has-post-thumbnail","6":"product_cat-amor-y-romance","7":"product_cat-boda","8":"product_cat-cada-dia","9":"product_cat-caja-de-flores-cesta","10":"product_cat-combos-es","11":"product_cat-cumpleanos","12":"product_cat-dia-de-san-valentin","13":"product_cat-dias-especiales","14":"product_cat-dias-festivos","15":"product_cat-favorita","16":"product_cat-flores-con-chocolates","17":"product_cat-flores-de-cumpleanos","18":"product_cat-flores-preciosas","19":"product_cat-flores-y-combos","20":"product_cat-flores-y-osito-de-peluche","21":"product_cat-flores-y-tarjetas-regalo","22":"product_cat-flores-choc-y-oso","23":"product_cat-gracias","24":"product_cat-navidad","25":"product_cat-ocasion","26":"product_cat-pensando-en-ti","27":"product_cat-proximas-ocasiones","28":"product_cat-ramo-de-flores","29":"product_cat-ramo-de-rosas","30":"product_cat-rosas","31":"product_cat-te-amo","32":"product_cat-te-extrano","33":"product_tag-flores","34":"notblog","36":"first","37":"instock","38":"featured","39":"shipping-taxable","40":"purchasable","41":"product-type-simple"},"jetpack_sharing_enabled":true,"_links":{"self":[{"href":"https:\/\/bellaflor.net\/es\/wp-json\/wp\/v2\/product\/3715"}],"collection":[{"href":"https:\/\/bellaflor.net\/es\/wp-json\/wp\/v2\/product"}],"about":[{"href":"https:\/\/bellaflor.net\/es\/wp-json\/wp\/v2\/types\/product"}],"replies":[{"embeddable":true,"href":"https:\/\/bellaflor.net\/es\/wp-json\/wp\/v2\/comments?post=3715"}],"version-history":[{"count":0,"href":"https:\/\/bellaflor.net\/es\/wp-json\/wp\/v2\/product\/3715\/revisions"}],"wp:featuredmedia":[{"embeddable":true,"href":"https:\/\/bellaflor.net\/es\/wp-json\/wp\/v2\/media\/3870"}],"wp:attachment":[{"href":"https:\/\/bellaflor.net\/es\/wp-json\/wp\/v2\/media?parent=3715"}],"wp:term":[{"taxonomy":"product_cat","embeddable":true,"href":"https:\/\/bellaflor.net\/es\/wp-json\/wp\/v2\/product_cat?post=3715"},{"taxonomy":"product_tag","embeddable":true,"href":"https:\/\/bellaflor.net\/es\/wp-json\/wp\/v2\/product_tag?post=3715"}],"curies":[{"name":"wp","href":"https:\/\/api.w.org\/{rel}","templated":true}]}}