{"id":3716,"date":"2020-01-05T08:53:07","date_gmt":"2015-01-05T08:53:07","guid":{"rendered":"https:\/\/bellaflor.net\/product\/arreglo-de-cesta-lirios-y-orquideas\/"},"modified":"2021-03-29T19:00:42","modified_gmt":"2021-03-29T19:00:42","slug":"hermosas-rosas-y-lirios-rosas-rosadas","status":"publish","type":"product","link":"https:\/\/bellaflor.net\/es\/producto\/hermosas-rosas-y-lirios-rosas-rosadas\/","title":{"rendered":"Hermosas Rosas y Lirios (Rosas Rosadas)"},"content":{"rendered":"<p>Nuestro arreglo de Rosas y Lirios es un regalo puro y simple. Los delicados lirios blancos y las tiernas rosas rosadas se combinan con acentos de gasa p\u00e1lida, todos dispuestos en un jarr\u00f3n de cristal transparente. Diez rosas rosadas y tres lirios asi\u00e1ticos son la manera perfecta de expresar lo perfecta que sientes que es. (Este ramo tambi\u00e9n tiene un hermoso acento nupcial).<\/p>\n","protected":false},"excerpt":{"rendered":"<p>Nuestro arreglo de Rosas y Lirios es un regalo puro y simple. Los delicados lirios blancos y las tiernas rosas rosadas se combinan con acentos de gasa p\u00e1lida, todos dispuestos en un jarr\u00f3n de cristal transparente. Diez rosas rosadas y tres lirios asi\u00e1ticos son la manera perfecta de expresar lo perfecta que sientes que es. (Este ramo tambi\u00e9n tiene un hermoso acento nupcial).<\/p>\n","protected":false},"featured_media":3876,"comment_status":"open","ping_status":"closed","template":"","meta":{"_seopress_robots_primary_cat":"none","_seopress_titles_title":"Hermosas Rosas y Lirios (Rosas Rosadas)","_seopress_titles_desc":"                                                                        ","_seopress_robots_index":""},"product_cat":[152],"product_tag":[195],"class_list":{"0":"post-3716","1":"product","2":"type-product","3":"status-publish","4":"has-post-thumbnail","6":"product_cat-combos-es","7":"product_tag-flores","8":"notblog","10":"first","11":"instock","12":"featured","13":"shipping-taxable","14":"purchasable","15":"product-type-simple"},"jetpack_sharing_enabled":true,"_links":{"self":[{"href":"https:\/\/bellaflor.net\/es\/wp-json\/wp\/v2\/product\/3716"}],"collection":[{"href":"https:\/\/bellaflor.net\/es\/wp-json\/wp\/v2\/product"}],"about":[{"href":"https:\/\/bellaflor.net\/es\/wp-json\/wp\/v2\/types\/product"}],"replies":[{"embeddable":true,"href":"https:\/\/bellaflor.net\/es\/wp-json\/wp\/v2\/comments?post=3716"}],"version-history":[{"count":0,"href":"https:\/\/bellaflor.net\/es\/wp-json\/wp\/v2\/product\/3716\/revisions"}],"wp:featuredmedia":[{"embeddable":true,"href":"https:\/\/bellaflor.net\/es\/wp-json\/wp\/v2\/media\/3876"}],"wp:attachment":[{"href":"https:\/\/bellaflor.net\/es\/wp-json\/wp\/v2\/media?parent=3716"}],"wp:term":[{"taxonomy":"product_cat","embeddable":true,"href":"https:\/\/bellaflor.net\/es\/wp-json\/wp\/v2\/product_cat?post=3716"},{"taxonomy":"product_tag","embeddable":true,"href":"https:\/\/bellaflor.net\/es\/wp-json\/wp\/v2\/product_tag?post=3716"}],"curies":[{"name":"wp","href":"https:\/\/api.w.org\/{rel}","templated":true}]}}