{"id":3717,"date":"2020-01-05T08:43:45","date_gmt":"2015-01-05T08:43:45","guid":{"rendered":"https:\/\/bellaflor.net\/product\/jarron-de-vidrio-con-rosas-rojas-y-blancas\/"},"modified":"2021-03-29T19:02:26","modified_gmt":"2021-03-29T19:02:26","slug":"hermosas-dieciocho-rosas-mixtas","status":"publish","type":"product","link":"https:\/\/bellaflor.net\/es\/producto\/hermosas-dieciocho-rosas-mixtas\/","title":{"rendered":"Hermosas Dieciocho Rosas Mixtas"},"content":{"rendered":"<p>Este incre\u00edble arreglo rom\u00e1ntico re\u00fane 18 rosas mixtas. Estas tiernas flores se combinan con un exuberante follaje verde en un incre\u00edble gesto de amor. Cuando tu amada reciba esto, \u00a1sabr\u00e1 con certeza que es amada! Perfecto para cumplea\u00f1os y aniversarios, nuestro deslumbrante arreglo de dieciocho rosas mezcladas canta de adoraci\u00f3n.<\/p>\n","protected":false},"excerpt":{"rendered":"<p>Este incre\u00edble arreglo rom\u00e1ntico re\u00fane 18 rosas mixtas. Estas tiernas flores se combinan con un exuberante follaje verde en un incre\u00edble gesto de amor. Cuando tu amada reciba esto, \u00a1sabr\u00e1 con certeza que es amada! Perfecto para cumplea\u00f1os y aniversarios, nuestro deslumbrante arreglo de dieciocho rosas mezcladas canta de adoraci\u00f3n.<\/p>\n","protected":false},"featured_media":3882,"comment_status":"open","ping_status":"closed","template":"","meta":{"_seopress_robots_primary_cat":"none","_seopress_titles_title":"Hermosas Dieciocho Rosas Mixtas","_seopress_titles_desc":"                                                                        ","_seopress_robots_index":""},"product_cat":[134,177,187,145,152,128,185,142,186,178,173,153,162,179,158,161,160,159,174,169,184,138,139],"product_tag":[195],"class_list":{"0":"post-3717","1":"product","2":"type-product","3":"status-publish","4":"has-post-thumbnail","6":"product_cat-amor-y-romance","7":"product_cat-ano-nuevo","8":"product_cat-boda","9":"product_cat-caja-de-flores-cesta","10":"product_cat-combos-es","11":"product_cat-cumpleanos","12":"product_cat-dia-de-la-madre-es","13":"product_cat-dia-de-san-valentin","14":"product_cat-dia-de-san-valentin-es-3","15":"product_cat-dias-especiales","16":"product_cat-dias-festivos","17":"product_cat-favorita","18":"product_cat-flores-con-chocolates","19":"product_cat-flores-de-cumpleanos","20":"product_cat-flores-y-combos","21":"product_cat-flores-y-osito-de-peluche","22":"product_cat-flores-y-tarjetas-regalo","23":"product_cat-flores-choc-y-oso","24":"product_cat-navidad","25":"product_cat-ocasion","26":"product_cat-proximas-ocasiones","27":"product_cat-ramo-de-rosas","28":"product_cat-rosas","29":"product_tag-flores","30":"notblog","32":"first","33":"instock","34":"shipping-taxable","35":"purchasable","36":"product-type-simple"},"jetpack_sharing_enabled":true,"_links":{"self":[{"href":"https:\/\/bellaflor.net\/es\/wp-json\/wp\/v2\/product\/3717"}],"collection":[{"href":"https:\/\/bellaflor.net\/es\/wp-json\/wp\/v2\/product"}],"about":[{"href":"https:\/\/bellaflor.net\/es\/wp-json\/wp\/v2\/types\/product"}],"replies":[{"embeddable":true,"href":"https:\/\/bellaflor.net\/es\/wp-json\/wp\/v2\/comments?post=3717"}],"version-history":[{"count":0,"href":"https:\/\/bellaflor.net\/es\/wp-json\/wp\/v2\/product\/3717\/revisions"}],"wp:featuredmedia":[{"embeddable":true,"href":"https:\/\/bellaflor.net\/es\/wp-json\/wp\/v2\/media\/3882"}],"wp:attachment":[{"href":"https:\/\/bellaflor.net\/es\/wp-json\/wp\/v2\/media?parent=3717"}],"wp:term":[{"taxonomy":"product_cat","embeddable":true,"href":"https:\/\/bellaflor.net\/es\/wp-json\/wp\/v2\/product_cat?post=3717"},{"taxonomy":"product_tag","embeddable":true,"href":"https:\/\/bellaflor.net\/es\/wp-json\/wp\/v2\/product_tag?post=3717"}],"curies":[{"name":"wp","href":"https:\/\/api.w.org\/{rel}","templated":true}]}}