{"id":3718,"date":"2020-01-05T09:18:59","date_gmt":"2014-01-05T09:18:59","guid":{"rendered":"https:\/\/bellaflor.net\/product\/manojo-de-gerberas-surtidas\/"},"modified":"2021-03-29T18:59:04","modified_gmt":"2021-03-29T18:59:04","slug":"hermoso-ramo-surtido-de-margaritas","status":"publish","type":"product","link":"https:\/\/bellaflor.net\/es\/producto\/hermoso-ramo-surtido-de-margaritas\/","title":{"rendered":"Hermoso Ramo Surtido de Margaritas"},"content":{"rendered":"<p>Nuestro arreglo re\u00fane hermosas margaritas gerberas en dos tonos de rosa. Destacado por un hermoso follaje y arreglado con amor en un jarr\u00f3n de vidrio, este arreglo es perfecto para mam\u00e1s, hermanas y amigas. Enviado como regalo de cumplea\u00f1os, agradecimiento o simplemente porque s\u00ed.<\/p>\n","protected":false},"excerpt":{"rendered":"<p>Nuestro arreglo re\u00fane hermosas margaritas gerberas en dos tonos de rosa. Destacado por un hermoso follaje y arreglado con amor en un jarr\u00f3n de vidrio, este arreglo es perfecto para mam\u00e1s, hermanas y amigas. Enviado como regalo de cumplea\u00f1os, agradecimiento o simplemente porque s\u00ed.<\/p>\n","protected":false},"featured_media":3888,"comment_status":"open","ping_status":"closed","template":"","meta":{"_seopress_robots_primary_cat":"none","_seopress_titles_title":"Hermoso Ramo Surtido de Margaritas","_seopress_titles_desc":"                                                                        ","_seopress_robots_index":""},"product_cat":[154,134,170,152,128,176,143,178,173,153,158,169,184,139,155,137,156],"product_tag":[195],"class_list":{"0":"post-3718","1":"product","2":"type-product","3":"status-publish","4":"has-post-thumbnail","6":"product_cat-3-docenas-de-rosas-rojas","7":"product_cat-amor-y-romance","8":"product_cat-cada-dia","9":"product_cat-combos-es","10":"product_cat-cumpleanos","11":"product_cat-dia-de-la-independencia","12":"product_cat-dia-de-san-valentin-es","13":"product_cat-dias-especiales","14":"product_cat-dias-festivos","15":"product_cat-favorita","16":"product_cat-flores-y-combos","17":"product_cat-ocasion","18":"product_cat-proximas-ocasiones","19":"product_cat-rosas","20":"product_cat-rosas-multicolores","21":"product_cat-rosas-rojas","22":"product_cat-rosas-rosadas-y-blancas","23":"product_tag-flores","24":"notblog","26":"first","27":"instock","28":"shipping-taxable","29":"purchasable","30":"product-type-simple"},"jetpack_sharing_enabled":true,"_links":{"self":[{"href":"https:\/\/bellaflor.net\/es\/wp-json\/wp\/v2\/product\/3718"}],"collection":[{"href":"https:\/\/bellaflor.net\/es\/wp-json\/wp\/v2\/product"}],"about":[{"href":"https:\/\/bellaflor.net\/es\/wp-json\/wp\/v2\/types\/product"}],"replies":[{"embeddable":true,"href":"https:\/\/bellaflor.net\/es\/wp-json\/wp\/v2\/comments?post=3718"}],"version-history":[{"count":0,"href":"https:\/\/bellaflor.net\/es\/wp-json\/wp\/v2\/product\/3718\/revisions"}],"wp:featuredmedia":[{"embeddable":true,"href":"https:\/\/bellaflor.net\/es\/wp-json\/wp\/v2\/media\/3888"}],"wp:attachment":[{"href":"https:\/\/bellaflor.net\/es\/wp-json\/wp\/v2\/media?parent=3718"}],"wp:term":[{"taxonomy":"product_cat","embeddable":true,"href":"https:\/\/bellaflor.net\/es\/wp-json\/wp\/v2\/product_cat?post=3718"},{"taxonomy":"product_tag","embeddable":true,"href":"https:\/\/bellaflor.net\/es\/wp-json\/wp\/v2\/product_tag?post=3718"}],"curies":[{"name":"wp","href":"https:\/\/api.w.org\/{rel}","templated":true}]}}