{"id":3720,"date":"2020-06-07T11:38:12","date_gmt":"2013-06-07T11:38:12","guid":{"rendered":"https:\/\/bellaflor.net\/product\/florero-de-cristal-de-rosas-amarillas\/"},"modified":"2021-08-27T13:24:28","modified_gmt":"2021-08-27T13:24:28","slug":"hermosas-rosas-blancas","status":"publish","type":"product","link":"https:\/\/bellaflor.net\/es\/producto\/hermosas-rosas-blancas\/","title":{"rendered":"Hermosas Rosas Blancas"},"content":{"rendered":"<p>Las rosas blancas simbolizan la perfecci\u00f3n y la pureza. Doce rosas blancas hablan de la eternidad y de tu eterna adoraci\u00f3n. D\u00edgale que es perfecta con nuestro dulce ramo de doce rosas blancas, arregladas con buen gusto en un jarr\u00f3n de cristal. El delicado aliento del beb\u00e9 y la tierna vegetaci\u00f3n completan este exquisito regalo. (Esta disposici\u00f3n tambi\u00e9n est\u00e1 disponible en otros tonos).<\/p>\n","protected":false},"excerpt":{"rendered":"<p>Las rosas blancas simbolizan la perfecci\u00f3n y la pureza. Doce rosas blancas hablan de la eternidad y de tu eterna adoraci\u00f3n. D\u00edgale que es perfecta con nuestro dulce ramo de doce rosas blancas, arregladas con buen gusto en un jarr\u00f3n de cristal. El delicado aliento del beb\u00e9 y la tierna vegetaci\u00f3n completan este exquisito regalo. (Esta disposici\u00f3n tambi\u00e9n est\u00e1 disponible en otros tonos).<\/p>\n","protected":false},"featured_media":3894,"comment_status":"open","ping_status":"closed","template":"","meta":{"_seopress_robots_primary_cat":"none","_seopress_titles_title":"Hermosas Rosas Blancas","_seopress_titles_desc":"                                    ","_seopress_robots_index":""},"product_cat":[134,187,171,170,145,128,176,142,143,186,178,173,153,181,179,158,160,172,174,169,141,184,138,139,131,132],"product_tag":[195],"class_list":{"0":"post-3720","1":"product","2":"type-product","3":"status-publish","4":"has-post-thumbnail","6":"product_cat-amor-y-romance","7":"product_cat-boda","8":"product_cat-buena-suerte","9":"product_cat-cada-dia","10":"product_cat-caja-de-flores-cesta","11":"product_cat-cumpleanos","12":"product_cat-dia-de-la-independencia","13":"product_cat-dia-de-san-valentin","14":"product_cat-dia-de-san-valentin-es","15":"product_cat-dia-de-san-valentin-es-3","16":"product_cat-dias-especiales","17":"product_cat-dias-festivos","18":"product_cat-favorita","19":"product_cat-flores-de-boda","20":"product_cat-flores-de-cumpleanos","21":"product_cat-flores-y-combos","22":"product_cat-flores-y-tarjetas-regalo","23":"product_cat-gracias","24":"product_cat-navidad","25":"product_cat-ocasion","26":"product_cat-pensando-en-ti","27":"product_cat-proximas-ocasiones","28":"product_cat-ramo-de-rosas","29":"product_cat-rosas","30":"product_cat-te-amo","31":"product_cat-te-extrano","32":"product_tag-flores","33":"notblog","35":"first","36":"instock","37":"shipping-taxable","38":"purchasable","39":"product-type-simple"},"jetpack_sharing_enabled":true,"_links":{"self":[{"href":"https:\/\/bellaflor.net\/es\/wp-json\/wp\/v2\/product\/3720"}],"collection":[{"href":"https:\/\/bellaflor.net\/es\/wp-json\/wp\/v2\/product"}],"about":[{"href":"https:\/\/bellaflor.net\/es\/wp-json\/wp\/v2\/types\/product"}],"replies":[{"embeddable":true,"href":"https:\/\/bellaflor.net\/es\/wp-json\/wp\/v2\/comments?post=3720"}],"version-history":[{"count":0,"href":"https:\/\/bellaflor.net\/es\/wp-json\/wp\/v2\/product\/3720\/revisions"}],"wp:featuredmedia":[{"embeddable":true,"href":"https:\/\/bellaflor.net\/es\/wp-json\/wp\/v2\/media\/3894"}],"wp:attachment":[{"href":"https:\/\/bellaflor.net\/es\/wp-json\/wp\/v2\/media?parent=3720"}],"wp:term":[{"taxonomy":"product_cat","embeddable":true,"href":"https:\/\/bellaflor.net\/es\/wp-json\/wp\/v2\/product_cat?post=3720"},{"taxonomy":"product_tag","embeddable":true,"href":"https:\/\/bellaflor.net\/es\/wp-json\/wp\/v2\/product_tag?post=3720"}],"curies":[{"name":"wp","href":"https:\/\/api.w.org\/{rel}","templated":true}]}}