{"id":3721,"date":"2020-06-07T11:37:23","date_gmt":"2013-06-07T11:37:23","guid":{"rendered":"https:\/\/bellaflor.net\/product\/rosas-rosadas-para-sus-seres-queridos\/"},"modified":"2024-01-01T00:09:10","modified_gmt":"2024-01-01T00:09:10","slug":"hermosas-dos-docenas-de-rosas-rojas","status":"publish","type":"product","link":"https:\/\/bellaflor.net\/es\/producto\/hermosas-dos-docenas-de-rosas-rojas\/","title":{"rendered":"Hermosas Dos Docenas de Rosas Rojas"},"content":{"rendered":"<p>Dos docenas de rosas rojas seguramente le dar\u00e1n a tu amada la sorpresa de su vida. \u00a1Nuestro impresionante ramo de Pure Love es la m\u00e1xima expresi\u00f3n de romance! Nuestras dos docenas de rosas rojas est\u00e1n cuidadosamente colocadas en un elegante jarr\u00f3n de vidrio transparente. La vegetaci\u00f3n de acento resalta las rosas rojas brillantes a la perfecci\u00f3n.<\/p>\n","protected":false},"excerpt":{"rendered":"<p>Dos docenas de rosas rojas seguramente le dar\u00e1n a tu amada la sorpresa de su vida. \u00a1Nuestro impresionante ramo de Pure Love es la m\u00e1xima expresi\u00f3n de romance! Nuestras dos docenas de rosas rojas est\u00e1n cuidadosamente colocadas en un elegante jarr\u00f3n de vidrio transparente. La vegetaci\u00f3n de acento resalta las rosas rojas brillantes a la perfecci\u00f3n.<\/p>\n","protected":false},"featured_media":3900,"comment_status":"open","ping_status":"closed","template":"","meta":{"_seopress_robots_primary_cat":"none","_seopress_titles_title":"Hermosas Dos Docenas de Rosas Rojas","_seopress_titles_desc":"                                    ","_seopress_robots_index":""},"product_cat":[134,177,170,152,128,176,135,185,186,143,178,173,153,181,179,183,180,158,174,169,175,184,139],"product_tag":[195],"class_list":{"0":"post-3721","1":"product","2":"type-product","3":"status-publish","4":"has-post-thumbnail","6":"product_cat-amor-y-romance","7":"product_cat-ano-nuevo","8":"product_cat-cada-dia","9":"product_cat-combos-es","10":"product_cat-cumpleanos","11":"product_cat-dia-de-la-independencia","12":"product_cat-dia-de-la-madre","13":"product_cat-dia-de-la-madre-es","14":"product_cat-dia-de-san-valentin-es-3","15":"product_cat-dia-de-san-valentin-es","16":"product_cat-dias-especiales","17":"product_cat-dias-festivos","18":"product_cat-favorita","19":"product_cat-flores-de-boda","20":"product_cat-flores-de-cumpleanos","21":"product_cat-flores-de-san-valentin","22":"product_cat-flores-para-graduacion","23":"product_cat-flores-y-combos","24":"product_cat-navidad","25":"product_cat-ocasion","26":"product_cat-pascua","27":"product_cat-proximas-ocasiones","28":"product_cat-rosas","29":"product_tag-flores","30":"notblog","32":"first","33":"instock","34":"featured","35":"shipping-taxable","36":"purchasable","37":"product-type-simple"},"jetpack_sharing_enabled":true,"_links":{"self":[{"href":"https:\/\/bellaflor.net\/es\/wp-json\/wp\/v2\/product\/3721"}],"collection":[{"href":"https:\/\/bellaflor.net\/es\/wp-json\/wp\/v2\/product"}],"about":[{"href":"https:\/\/bellaflor.net\/es\/wp-json\/wp\/v2\/types\/product"}],"replies":[{"embeddable":true,"href":"https:\/\/bellaflor.net\/es\/wp-json\/wp\/v2\/comments?post=3721"}],"version-history":[{"count":0,"href":"https:\/\/bellaflor.net\/es\/wp-json\/wp\/v2\/product\/3721\/revisions"}],"wp:featuredmedia":[{"embeddable":true,"href":"https:\/\/bellaflor.net\/es\/wp-json\/wp\/v2\/media\/3900"}],"wp:attachment":[{"href":"https:\/\/bellaflor.net\/es\/wp-json\/wp\/v2\/media?parent=3721"}],"wp:term":[{"taxonomy":"product_cat","embeddable":true,"href":"https:\/\/bellaflor.net\/es\/wp-json\/wp\/v2\/product_cat?post=3721"},{"taxonomy":"product_tag","embeddable":true,"href":"https:\/\/bellaflor.net\/es\/wp-json\/wp\/v2\/product_tag?post=3721"}],"curies":[{"name":"wp","href":"https:\/\/api.w.org\/{rel}","templated":true}]}}