{"id":3722,"date":"2020-06-07T11:34:14","date_gmt":"2013-06-07T11:34:14","guid":{"rendered":"https:\/\/bellaflor.net\/product\/hermosa-canasta-de-gerberas-y-rosas\/"},"modified":"2021-08-27T13:24:24","modified_gmt":"2021-08-27T13:24:24","slug":"hermosas-dieciocho-rosas-rosadas","status":"publish","type":"product","link":"https:\/\/bellaflor.net\/es\/producto\/hermosas-dieciocho-rosas-rosadas\/","title":{"rendered":"Hermosas Dieciocho Rosas Rosadas"},"content":{"rendered":"<p>Nuestro arreglo de estilo franc\u00e9s re\u00fane dieciocho rosas y follaje de gasa, todo en un elegante jarr\u00f3n de cristal. Las flores cl\u00e1sicas se pueden arreglar en varios colores y se env\u00edan frescas y dulces. Este elegante ramo queda genial en cualquier hogar y llenar\u00e1 el aire con el delicioso perfume de las rosas. \u00a1Exprese sus sentimientos hoy!<\/p>\n","protected":false},"excerpt":{"rendered":"<p>Nuestro arreglo de estilo franc\u00e9s re\u00fane dieciocho rosas y follaje de gasa, todo en un elegante jarr\u00f3n de cristal. Las flores cl\u00e1sicas se pueden arreglar en varios colores y se env\u00edan frescas y dulces. Este elegante ramo queda genial en cualquier hogar y llenar\u00e1 el aire con el delicioso perfume de las rosas. \u00a1Exprese sus sentimientos hoy!<\/p>\n","protected":false},"featured_media":3906,"comment_status":"open","ping_status":"closed","template":"","meta":{"_seopress_robots_primary_cat":"none","_seopress_titles_title":"Hermosas Dieciocho Rosas Rosadas","_seopress_titles_desc":"                                    ","_seopress_robots_index":""},"product_cat":[134,170,152,128,178,153,158,160,169,139],"product_tag":[195],"class_list":{"0":"post-3722","1":"product","2":"type-product","3":"status-publish","4":"has-post-thumbnail","6":"product_cat-amor-y-romance","7":"product_cat-cada-dia","8":"product_cat-combos-es","9":"product_cat-cumpleanos","10":"product_cat-dias-especiales","11":"product_cat-favorita","12":"product_cat-flores-y-combos","13":"product_cat-flores-y-tarjetas-regalo","14":"product_cat-ocasion","15":"product_cat-rosas","16":"product_tag-flores","17":"notblog","19":"first","20":"instock","21":"shipping-taxable","22":"purchasable","23":"product-type-simple"},"jetpack_sharing_enabled":true,"_links":{"self":[{"href":"https:\/\/bellaflor.net\/es\/wp-json\/wp\/v2\/product\/3722"}],"collection":[{"href":"https:\/\/bellaflor.net\/es\/wp-json\/wp\/v2\/product"}],"about":[{"href":"https:\/\/bellaflor.net\/es\/wp-json\/wp\/v2\/types\/product"}],"replies":[{"embeddable":true,"href":"https:\/\/bellaflor.net\/es\/wp-json\/wp\/v2\/comments?post=3722"}],"version-history":[{"count":0,"href":"https:\/\/bellaflor.net\/es\/wp-json\/wp\/v2\/product\/3722\/revisions"}],"wp:featuredmedia":[{"embeddable":true,"href":"https:\/\/bellaflor.net\/es\/wp-json\/wp\/v2\/media\/3906"}],"wp:attachment":[{"href":"https:\/\/bellaflor.net\/es\/wp-json\/wp\/v2\/media?parent=3722"}],"wp:term":[{"taxonomy":"product_cat","embeddable":true,"href":"https:\/\/bellaflor.net\/es\/wp-json\/wp\/v2\/product_cat?post=3722"},{"taxonomy":"product_tag","embeddable":true,"href":"https:\/\/bellaflor.net\/es\/wp-json\/wp\/v2\/product_tag?post=3722"}],"curies":[{"name":"wp","href":"https:\/\/api.w.org\/{rel}","templated":true}]}}