{"id":3723,"date":"2020-06-07T11:22:50","date_gmt":"2013-06-07T11:22:50","guid":{"rendered":"https:\/\/bellaflor.net\/product\/cesta-de-rosas-con-seda-dairymilk\/"},"modified":"2021-03-29T18:18:11","modified_gmt":"2021-03-29T18:18:11","slug":"hermosas-margaritas-mixtas","status":"publish","type":"product","link":"https:\/\/bellaflor.net\/es\/producto\/hermosas-margaritas-mixtas\/","title":{"rendered":"Hermosas Margaritas Mixtas"},"content":{"rendered":"<p>\u00a1Nuestras alegres margaritas gerberas mezcladas seguramente alegrar\u00e1n el d\u00eda de alguien! Una docena de flores grandes en colores muy variados se combinan en un ramo de luz solar. Env\u00ede margaritas gerberas mixtas para proporcionar una sonrisa instant\u00e1nea. \u00a1Este arreglo es perfecto para flores de salud, agradecimiento o \u201cpensando en ti\u201d!<\/p>\n","protected":false},"excerpt":{"rendered":"<p>\u00a1Nuestras alegres margaritas gerberas mezcladas seguramente alegrar\u00e1n el d\u00eda de alguien! Una docena de flores grandes en colores muy variados se combinan en un ramo de luz solar. Env\u00ede margaritas gerberas mixtas para proporcionar una sonrisa instant\u00e1nea. \u00a1Este arreglo es perfecto para flores de salud, agradecimiento o \u201cpensando en ti\u201d!<\/p>\n","protected":false},"featured_media":3912,"comment_status":"open","ping_status":"closed","template":"","meta":{"_seopress_robots_primary_cat":"none","_seopress_titles_title":"Hermosas Margaritas Mixtas","_seopress_titles_desc":"                                    ","_seopress_robots_index":""},"product_cat":[134,170,128,173,153,158,169,139,132],"product_tag":[195],"class_list":{"0":"post-3723","1":"product","2":"type-product","3":"status-publish","4":"has-post-thumbnail","6":"product_cat-amor-y-romance","7":"product_cat-cada-dia","8":"product_cat-cumpleanos","9":"product_cat-dias-festivos","10":"product_cat-favorita","11":"product_cat-flores-y-combos","12":"product_cat-ocasion","13":"product_cat-rosas","14":"product_cat-te-extrano","15":"product_tag-flores","16":"notblog","18":"first","19":"instock","20":"shipping-taxable","21":"purchasable","22":"product-type-simple"},"jetpack_sharing_enabled":true,"_links":{"self":[{"href":"https:\/\/bellaflor.net\/es\/wp-json\/wp\/v2\/product\/3723"}],"collection":[{"href":"https:\/\/bellaflor.net\/es\/wp-json\/wp\/v2\/product"}],"about":[{"href":"https:\/\/bellaflor.net\/es\/wp-json\/wp\/v2\/types\/product"}],"replies":[{"embeddable":true,"href":"https:\/\/bellaflor.net\/es\/wp-json\/wp\/v2\/comments?post=3723"}],"version-history":[{"count":0,"href":"https:\/\/bellaflor.net\/es\/wp-json\/wp\/v2\/product\/3723\/revisions"}],"wp:featuredmedia":[{"embeddable":true,"href":"https:\/\/bellaflor.net\/es\/wp-json\/wp\/v2\/media\/3912"}],"wp:attachment":[{"href":"https:\/\/bellaflor.net\/es\/wp-json\/wp\/v2\/media?parent=3723"}],"wp:term":[{"taxonomy":"product_cat","embeddable":true,"href":"https:\/\/bellaflor.net\/es\/wp-json\/wp\/v2\/product_cat?post=3723"},{"taxonomy":"product_tag","embeddable":true,"href":"https:\/\/bellaflor.net\/es\/wp-json\/wp\/v2\/product_tag?post=3723"}],"curies":[{"name":"wp","href":"https:\/\/api.w.org\/{rel}","templated":true}]}}