{"id":3725,"date":"2020-06-07T10:49:51","date_gmt":"2013-06-07T10:49:51","guid":{"rendered":"https:\/\/bellaflor.net\/product\/ramo-de-rosas-rosadas-y-rojas-en-un-jarron-de-vidrio\/"},"modified":"2021-03-29T19:05:15","modified_gmt":"2021-03-29T19:05:15","slug":"hermosa-tres-docenas-de-rosas-rojas","status":"publish","type":"product","link":"https:\/\/bellaflor.net\/es\/producto\/hermosa-tres-docenas-de-rosas-rojas\/","title":{"rendered":"Hermosa Tres Docenas de Rosas Rojas"},"content":{"rendered":"<p>Tres docenas de exuberantes rosas rojas se unen en este incre\u00edble ramo. Arreglado en un jarr\u00f3n de cristal, este arreglo es lo \u00faltimo en regalos de rosas, y no deja ninguna duda sobre su posici\u00f3n. Env\u00ede tres docenas de rosas como el s\u00edmbolo perfecto del amor. \u00a1Nuestras rosas preparan el escenario para un aniversario, cumplea\u00f1os o propuesta especial!<\/p>\n","protected":false},"excerpt":{"rendered":"<p>Tres docenas de exuberantes rosas rojas se unen en este incre\u00edble ramo. Arreglado en un jarr\u00f3n de cristal, este arreglo es lo \u00faltimo en regalos de rosas, y no deja ninguna duda sobre su posici\u00f3n. Env\u00ede tres docenas de rosas como el s\u00edmbolo perfecto del amor. \u00a1Nuestras rosas preparan el escenario para un aniversario, cumplea\u00f1os o propuesta especial!<\/p>\n","protected":false},"featured_media":3924,"comment_status":"open","ping_status":"closed","template":"","meta":{"_seopress_robots_primary_cat":"none","_seopress_titles_title":"Hermosa Tres Docenas de Rosas Rojas","_seopress_titles_desc":"                                    ","_seopress_robots_index":""},"product_cat":[134,170,128,173,183,158,172,169,141,184,131,132],"product_tag":[195],"class_list":{"0":"post-3725","1":"product","2":"type-product","3":"status-publish","4":"has-post-thumbnail","6":"product_cat-amor-y-romance","7":"product_cat-cada-dia","8":"product_cat-cumpleanos","9":"product_cat-dias-festivos","10":"product_cat-flores-de-san-valentin","11":"product_cat-flores-y-combos","12":"product_cat-gracias","13":"product_cat-ocasion","14":"product_cat-pensando-en-ti","15":"product_cat-proximas-ocasiones","16":"product_cat-te-amo","17":"product_cat-te-extrano","18":"product_tag-flores","19":"notblog","21":"first","22":"instock","23":"shipping-taxable","24":"purchasable","25":"product-type-simple"},"jetpack_sharing_enabled":true,"_links":{"self":[{"href":"https:\/\/bellaflor.net\/es\/wp-json\/wp\/v2\/product\/3725"}],"collection":[{"href":"https:\/\/bellaflor.net\/es\/wp-json\/wp\/v2\/product"}],"about":[{"href":"https:\/\/bellaflor.net\/es\/wp-json\/wp\/v2\/types\/product"}],"replies":[{"embeddable":true,"href":"https:\/\/bellaflor.net\/es\/wp-json\/wp\/v2\/comments?post=3725"}],"version-history":[{"count":0,"href":"https:\/\/bellaflor.net\/es\/wp-json\/wp\/v2\/product\/3725\/revisions"}],"wp:featuredmedia":[{"embeddable":true,"href":"https:\/\/bellaflor.net\/es\/wp-json\/wp\/v2\/media\/3924"}],"wp:attachment":[{"href":"https:\/\/bellaflor.net\/es\/wp-json\/wp\/v2\/media?parent=3725"}],"wp:term":[{"taxonomy":"product_cat","embeddable":true,"href":"https:\/\/bellaflor.net\/es\/wp-json\/wp\/v2\/product_cat?post=3725"},{"taxonomy":"product_tag","embeddable":true,"href":"https:\/\/bellaflor.net\/es\/wp-json\/wp\/v2\/product_tag?post=3725"}],"curies":[{"name":"wp","href":"https:\/\/api.w.org\/{rel}","templated":true}]}}