{"id":3726,"date":"2020-06-07T10:46:01","date_gmt":"2013-06-07T10:46:01","guid":{"rendered":"https:\/\/bellaflor.net\/product\/cesta-de-un-lado-de-hermosas-flores-variadas\/"},"modified":"2021-08-27T13:24:39","modified_gmt":"2021-08-27T13:24:39","slug":"hermosas-dos-docenas-de-rosas-rosadas-y-rojas","status":"publish","type":"product","link":"https:\/\/bellaflor.net\/es\/producto\/hermosas-dos-docenas-de-rosas-rosadas-y-rojas\/","title":{"rendered":"Hermosas Dos Docenas de Rosas Rosadas y Rojas"},"content":{"rendered":"<p>Nuestro jarr\u00f3n de 2 docenas de rosas rosadas viene en rojo, rosa medio y rosa tierno. Nuestras rosas son perfectas para aniversarios, mostrando la mezcla de pasi\u00f3n y calidez en las relaciones a largo plazo. Las rosas vienen en un jarr\u00f3n transparente con vegetaci\u00f3n para deleitar a todos los corazones, pero especialmente a alguien que aprecia el lenguaje de las flores.<\/p>\n","protected":false},"excerpt":{"rendered":"<p>Nuestro jarr\u00f3n de 2 docenas de rosas rosadas viene en rojo, rosa medio y rosa tierno. Nuestras rosas son perfectas para aniversarios, mostrando la mezcla de pasi\u00f3n y calidez en las relaciones a largo plazo. Las rosas vienen en un jarr\u00f3n transparente con vegetaci\u00f3n para deleitar a todos los corazones, pero especialmente a alguien que aprecia el lenguaje de las flores.<\/p>\n","protected":false},"featured_media":3930,"comment_status":"open","ping_status":"closed","template":"","meta":{"_seopress_robots_primary_cat":"none","_seopress_titles_title":"Hermosas Dos Docenas de Rosas Rosadas y Rojas","_seopress_titles_desc":"                                    ","_seopress_robots_index":""},"product_cat":[134,170,152,128,153,183,158,169,184,139],"product_tag":[195],"class_list":{"0":"post-3726","1":"product","2":"type-product","3":"status-publish","4":"has-post-thumbnail","6":"product_cat-amor-y-romance","7":"product_cat-cada-dia","8":"product_cat-combos-es","9":"product_cat-cumpleanos","10":"product_cat-favorita","11":"product_cat-flores-de-san-valentin","12":"product_cat-flores-y-combos","13":"product_cat-ocasion","14":"product_cat-proximas-ocasiones","15":"product_cat-rosas","16":"product_tag-flores","17":"notblog","19":"first","20":"instock","21":"shipping-taxable","22":"purchasable","23":"product-type-simple"},"jetpack_sharing_enabled":true,"_links":{"self":[{"href":"https:\/\/bellaflor.net\/es\/wp-json\/wp\/v2\/product\/3726"}],"collection":[{"href":"https:\/\/bellaflor.net\/es\/wp-json\/wp\/v2\/product"}],"about":[{"href":"https:\/\/bellaflor.net\/es\/wp-json\/wp\/v2\/types\/product"}],"replies":[{"embeddable":true,"href":"https:\/\/bellaflor.net\/es\/wp-json\/wp\/v2\/comments?post=3726"}],"version-history":[{"count":0,"href":"https:\/\/bellaflor.net\/es\/wp-json\/wp\/v2\/product\/3726\/revisions"}],"wp:featuredmedia":[{"embeddable":true,"href":"https:\/\/bellaflor.net\/es\/wp-json\/wp\/v2\/media\/3930"}],"wp:attachment":[{"href":"https:\/\/bellaflor.net\/es\/wp-json\/wp\/v2\/media?parent=3726"}],"wp:term":[{"taxonomy":"product_cat","embeddable":true,"href":"https:\/\/bellaflor.net\/es\/wp-json\/wp\/v2\/product_cat?post=3726"},{"taxonomy":"product_tag","embeddable":true,"href":"https:\/\/bellaflor.net\/es\/wp-json\/wp\/v2\/product_tag?post=3726"}],"curies":[{"name":"wp","href":"https:\/\/api.w.org\/{rel}","templated":true}]}}