{"id":3730,"date":"2020-06-07T10:35:51","date_gmt":"2013-06-07T10:35:51","guid":{"rendered":"https:\/\/bellaflor.net\/product\/jarron-de-cristal-de-flores-mixtas-para-madre\/"},"modified":"2021-03-29T18:46:17","modified_gmt":"2021-03-29T18:46:17","slug":"hermosas-dos-docenas-de-rosas-rosadas","status":"publish","type":"product","link":"https:\/\/bellaflor.net\/es\/producto\/hermosas-dos-docenas-de-rosas-rosadas\/","title":{"rendered":"Hermosas Dos Docenas de Rosas Rosadas"},"content":{"rendered":"<p>Nadie puede resistirse a las dulces rosas, su perfume llenando el aire. Nuestras dos docenas de rosas rosadas son un regalo tierno que no puede evitar demostrar su amor. Sencillas y elegantes, las rosas vienen en un jarr\u00f3n de vidrio transparente, listas para exhibir en el hogar. \u00a1Env\u00ede dos docenas de rosas rosadas para expresar su amor en t\u00e9rminos inequ\u00edvocos!<\/p>\n","protected":false},"excerpt":{"rendered":"<p>Nadie puede resistirse a las dulces rosas, su perfume llenando el aire. Nuestras dos docenas de rosas rosadas son un regalo tierno que no puede evitar demostrar su amor. Sencillas y elegantes, las rosas vienen en un jarr\u00f3n de vidrio transparente, listas para exhibir en el hogar. \u00a1Env\u00ede dos docenas de rosas rosadas para expresar su amor en t\u00e9rminos inequ\u00edvocos!<\/p>\n","protected":false},"featured_media":3942,"comment_status":"open","ping_status":"closed","template":"","meta":{"_seopress_robots_primary_cat":"none","_seopress_titles_title":"Hermosas Dos Docenas de Rosas Rosadas","_seopress_titles_desc":"                                    ","_seopress_robots_index":""},"product_cat":[134,152,176,135,143,178,173,183,158,169,175,184,139],"product_tag":[195],"class_list":{"0":"post-3730","1":"product","2":"type-product","3":"status-publish","4":"has-post-thumbnail","6":"product_cat-amor-y-romance","7":"product_cat-combos-es","8":"product_cat-dia-de-la-independencia","9":"product_cat-dia-de-la-madre","10":"product_cat-dia-de-san-valentin-es","11":"product_cat-dias-especiales","12":"product_cat-dias-festivos","13":"product_cat-flores-de-san-valentin","14":"product_cat-flores-y-combos","15":"product_cat-ocasion","16":"product_cat-pascua","17":"product_cat-proximas-ocasiones","18":"product_cat-rosas","19":"product_tag-flores","20":"notblog","22":"first","23":"instock","24":"featured","25":"shipping-taxable","26":"purchasable","27":"product-type-simple"},"jetpack_sharing_enabled":true,"_links":{"self":[{"href":"https:\/\/bellaflor.net\/es\/wp-json\/wp\/v2\/product\/3730"}],"collection":[{"href":"https:\/\/bellaflor.net\/es\/wp-json\/wp\/v2\/product"}],"about":[{"href":"https:\/\/bellaflor.net\/es\/wp-json\/wp\/v2\/types\/product"}],"replies":[{"embeddable":true,"href":"https:\/\/bellaflor.net\/es\/wp-json\/wp\/v2\/comments?post=3730"}],"version-history":[{"count":0,"href":"https:\/\/bellaflor.net\/es\/wp-json\/wp\/v2\/product\/3730\/revisions"}],"wp:featuredmedia":[{"embeddable":true,"href":"https:\/\/bellaflor.net\/es\/wp-json\/wp\/v2\/media\/3942"}],"wp:attachment":[{"href":"https:\/\/bellaflor.net\/es\/wp-json\/wp\/v2\/media?parent=3730"}],"wp:term":[{"taxonomy":"product_cat","embeddable":true,"href":"https:\/\/bellaflor.net\/es\/wp-json\/wp\/v2\/product_cat?post=3730"},{"taxonomy":"product_tag","embeddable":true,"href":"https:\/\/bellaflor.net\/es\/wp-json\/wp\/v2\/product_tag?post=3730"}],"curies":[{"name":"wp","href":"https:\/\/api.w.org\/{rel}","templated":true}]}}